{"id":1,"date":"2009-01-20T00:00:00","date_gmt":"2009-01-19T23:00:00","guid":{"rendered":"http:\/\/anima-science.fr\/site\/2009\/01\/20\/en-quelques-mots\/"},"modified":"2021-03-11T10:29:52","modified_gmt":"2021-03-11T09:29:52","slug":"en-quelques-mots","status":"publish","type":"page","link":"https:\/\/anima-science.fr\/site\/association\/en-quelques-mots\/","title":{"rendered":"En quelques mots"},"content":{"rendered":"<p>L&rsquo;association loi 1901 <strong>Anima-Science<\/strong> a \u00e9t\u00e9 fond\u00e9e en 2004 \u00e0 Pau, d\u00e9clar\u00e9e en Pr\u00e9fecture des Pyr\u00e9n\u00e9es-Atlantiques.<\/p>\n<h2>Objet<\/h2>\n<p>Elle a pour objet la promotion de la science et de la culture scientifique, par la mise en \u0153uvre d&rsquo;activit\u00e9s de m\u00e9diation scientifique.<\/p>\n<p>Ces activit\u00e9s prennent la forme d&rsquo;animations scientifiques, d&rsquo;ateliers exp\u00e9rimentaux, de conf\u00e9rences ou de d\u00e9bats, d&rsquo;expositions, de spectacles, de caf\u00e9s des sciences, de sites Internet et vid\u00e9os, etc.<\/p>\n<p>Elles s&rsquo;adressent aussi bien au grand public qu&rsquo;aux \u00e9l\u00e8ves et enseignants des enseignements primaire, secondaire et sup\u00e9rieur.<\/p>\n<p>Ces activit\u00e9s de m\u00e9diation scientifique peuvent donner lieu \u00e0 des r\u00e9dactions et publications sur des supports vari\u00e9s : articles, ouvrages, sites Internet, supports informatiques ou audio-visuels, etc.<\/p>\n<h2>Adh\u00e9sion<\/h2>\n<p>Aucune adh\u00e9sion n\u2019est n\u00e9cessaire pour assister aux activit\u00e9s gratuites et publiques de l\u2019association.<\/p>\n","protected":false},"excerpt":{"rendered":"<p>L&rsquo;association loi 1901 Anima-Science a \u00e9t\u00e9 fond\u00e9e en 2004 \u00e0 Pau, d\u00e9clar\u00e9e en Pr\u00e9fecture des Pyr\u00e9n\u00e9es-Atlantiques. Objet Elle a pour objet la promotion de la science et de la culture scientifique, par la mise en \u0153uvre d&rsquo;activit\u00e9s de m\u00e9diation scientifique. Ces activit\u00e9s prennent la forme d&rsquo;animations scientifiques, d&rsquo;ateliers exp\u00e9rimentaux, de conf\u00e9rences ou de d\u00e9bats, d&rsquo;expositions, [&hellip;]<\/p>\n","protected":false},"author":1,"featured_media":0,"parent":378,"menu_order":0,"comment_status":"closed","ping_status":"closed","template":"","meta":[],"_links":{"self":[{"href":"https:\/\/anima-science.fr\/site\/wp-json\/wp\/v2\/pages\/1"}],"collection":[{"href":"https:\/\/anima-science.fr\/site\/wp-json\/wp\/v2\/pages"}],"about":[{"href":"https:\/\/anima-science.fr\/site\/wp-json\/wp\/v2\/types\/page"}],"author":[{"embeddable":true,"href":"https:\/\/anima-science.fr\/site\/wp-json\/wp\/v2\/users\/1"}],"replies":[{"embeddable":true,"href":"https:\/\/anima-science.fr\/site\/wp-json\/wp\/v2\/comments?post=1"}],"version-history":[{"count":4,"href":"https:\/\/anima-science.fr\/site\/wp-json\/wp\/v2\/pages\/1\/revisions"}],"predecessor-version":[{"id":446,"href":"https:\/\/anima-science.fr\/site\/wp-json\/wp\/v2\/pages\/1\/revisions\/446"}],"up":[{"embeddable":true,"href":"https:\/\/anima-science.fr\/site\/wp-json\/wp\/v2\/pages\/378"}],"wp:attachment":[{"href":"https:\/\/anima-science.fr\/site\/wp-json\/wp\/v2\/media?parent=1"}],"curies":[{"name":"wp","href":"https:\/\/api.w.org\/{rel}","templated":true}]}}