{"id":105,"date":"2012-09-01T00:00:00","date_gmt":"2012-08-31T22:00:00","guid":{"rendered":"http:\/\/anima-science.fr\/site\/2012\/09\/01\/electricite-statique-origines-experiences-et-applications\/"},"modified":"2018-07-27T16:13:20","modified_gmt":"2018-07-27T14:13:20","slug":"electricite-statique-origines-experiences-et-applications","status":"publish","type":"page","link":"https:\/\/anima-science.fr\/site\/catalogue\/electricite-statique-origines-experiences-et-applications\/","title":{"rendered":"\u00c9lectricit\u00e9 statique : origines, exp\u00e9riences et applications"},"content":{"rendered":"<p class=\"post_excerpt\">&#8211; Public vis\u00e9 : grand public, enfants, coll\u00e9giens, lyc\u00e9ens, \u00e9tudiants<\/p>\n<p>Collaborations possibles : caf\u00e9s des sciences, \u00e9coles, coll\u00e8ges, lyc\u00e9es, universit\u00e9s&#8230;<\/p>\n<p><!--more--><br \/>\nUne approche des ph\u00e9nom\u00e8nes \u00e9lectriques, gr\u00e2ce \u00e0 des exp\u00e9riences qui marqueront les esprits ! Un grand classique de Anima-Science. Possibilit\u00e9 de faire participer le public.<\/p>\n<p>Les explications sont adapt\u00e9es en fonction du public et de son niveau. Le c\u00f4t\u00e9 tr\u00e8s visuel des exp\u00e9riences pr\u00e9sent\u00e9es stimule l&rsquo;observation et l&rsquo;observation, accroche le public et induit l&rsquo;envie d&rsquo;en savoir et d&rsquo;en d\u00e9couvrir plus.<\/p>\n<h2>Objectif<\/h2>\n<ul>\n<li>Montrer \u00e0 l&rsquo;aide d&rsquo;exp\u00e9riences de physique visuelles et ludiques les principes de base de l&rsquo;\u00e9lectricit\u00e9 et les applications possibles.<\/li>\n<li>Sensibiliser le public aux risques \u00e9lectriques.<\/li>\n<\/ul>\n<h2>Contenu<\/h2>\n<ul>\n<li>L&rsquo;origine de l&rsquo;\u00e9lectricit\u00e9 : rappels historique, exp\u00e9riences.<\/li>\n<li>Les charges \u00e9lectriques : s\u00e9paration, attraction et r\u00e9pulsion, mesure, notions de tension et d&rsquo;intensit\u00e9.<\/li>\n<li>G\u00e9n\u00e9rateur \u00e9lectrostatique : principe, danger, arc \u00e9lectriques.<\/li>\n<li>Applications : <a href=\"http:\/\/wiki.scienceamusante.net\/index.php?title=Cat\u00e9gorie:Physique#.C3.89lectricit.C3.A9.2C_.C3.A9lectrostatique\">exp\u00e9riences amusantes<\/a>, applications pratiques&#8230;<\/li>\n<\/ul>\n<h2>Dur\u00e9e<\/h2>\n<p>G\u00e9n\u00e9ralement d&rsquo;une dur\u00e9e de 1h30, cette animation peut toutefois \u00eates raccourcie (minimum 1h00) ou rallong\u00e9e (maximum 2h00).<\/p>\n","protected":false},"excerpt":{"rendered":"<p>&#8211; Public vis\u00e9 : grand public, enfants, coll\u00e9giens, lyc\u00e9ens, \u00e9tudiants Collaborations possibles : caf\u00e9s des sciences, \u00e9coles, coll\u00e8ges, lyc\u00e9es, universit\u00e9s&#8230;<\/p>\n","protected":false},"author":1,"featured_media":0,"parent":375,"menu_order":0,"comment_status":"closed","ping_status":"closed","template":"","meta":[],"_links":{"self":[{"href":"https:\/\/anima-science.fr\/site\/wp-json\/wp\/v2\/pages\/105"}],"collection":[{"href":"https:\/\/anima-science.fr\/site\/wp-json\/wp\/v2\/pages"}],"about":[{"href":"https:\/\/anima-science.fr\/site\/wp-json\/wp\/v2\/types\/page"}],"author":[{"embeddable":true,"href":"https:\/\/anima-science.fr\/site\/wp-json\/wp\/v2\/users\/1"}],"replies":[{"embeddable":true,"href":"https:\/\/anima-science.fr\/site\/wp-json\/wp\/v2\/comments?post=105"}],"version-history":[{"count":5,"href":"https:\/\/anima-science.fr\/site\/wp-json\/wp\/v2\/pages\/105\/revisions"}],"predecessor-version":[{"id":407,"href":"https:\/\/anima-science.fr\/site\/wp-json\/wp\/v2\/pages\/105\/revisions\/407"}],"up":[{"embeddable":true,"href":"https:\/\/anima-science.fr\/site\/wp-json\/wp\/v2\/pages\/375"}],"wp:attachment":[{"href":"https:\/\/anima-science.fr\/site\/wp-json\/wp\/v2\/media?parent=105"}],"curies":[{"name":"wp","href":"https:\/\/api.w.org\/{rel}","templated":true}]}}