{"id":113,"date":"2011-01-01T00:00:00","date_gmt":"2010-12-31T23:00:00","guid":{"rendered":"http:\/\/anima-science.fr\/site\/2011\/01\/01\/site-scienceamusante-net\/"},"modified":"2023-06-26T12:02:27","modified_gmt":"2023-06-26T10:02:27","slug":"site-scienceamusante-net","status":"publish","type":"page","link":"https:\/\/anima-science.fr\/site\/multimedia-ressources-en-ligne\/site-scienceamusante-net\/","title":{"rendered":"Site scienceamusante.net"},"content":{"rendered":"<p class=\"post_excerpt\"><img loading=\"lazy\" class=\" alignleft size-full wp-image-98\" src=\"http:\/\/anima-science.fr\/site\/wp-content\/uploads\/2010\/11\/Pastille_laureat-2.gif\" alt=\"Laur\u00e9at du Prix Roberval Multim\u00e9dia\" width=\"85\" height=\"85\" align=\"left\" \/><a href=\"http:\/\/anima-science.fr\/site\/2010\/11\/24\/clovis-darrigan-laureat-du-prix-roberval-multimedia-pour-le-site-science-amusante\/\"><strong>\u0152uvre r\u00e9compens\u00e9e par le Prix Roberval Multim\u00e9dia (24<sup>e<\/sup> \u00e9dition, ann\u00e9e 2010), d\u00e9cern\u00e9 \u00e0 Clovis Darrigan<\/strong><\/a><\/p>\n<p><!--more--><\/p>\n<p><img loading=\"lazy\" class=\" size-full wp-image-112\" src=\"http:\/\/anima-science.fr\/site\/wp-content\/uploads\/2011\/01\/arton66.png\" width=\"168\" height=\"170\" \/><\/p>\n<h2>http:\/\/scienceamusante.net<\/h2>\n<p>Le site wiki scienceamusante.net est en acc\u00e8s libre et gratuit. Il contient de nombreuses ressources p\u00e9dagogiques \u00e0 destination d&rsquo;un large public.<\/p>\n<p>Il contient plusieurs parties compl\u00e9mentaires :<\/p>\n<ul>\n<li>Le <a href=\"http:\/\/wiki.scienceamusante.net\/index.php\">wiki<\/a> (site collaboratif)\n<ul>\n<li><a href=\"http:\/\/wiki.scienceamusante.net\/index.php?title=Cat\u00e9gorie:Chimie\">Chimie<\/a>\n<ul>\n<li><a href=\"http:\/\/etiquette.scienceamusante.net\/index.php\">\u00c9tiquette pour produit chimique, anciennes normes et nouvelles normes du Syst\u00e8me G\u00e9n\u00e9ral Harmonis\u00e9 (SGH\/CLP)<\/a><\/li>\n<li><a href=\"http:\/\/wiki.scienceamusante.net\/index.php?title=Cat\u00e9gorie:Produit\">Produits chimiques<\/a><\/li>\n<li><a href=\"http:\/\/wiki.scienceamusante.net\/index.php?title=Cat\u00e9gorie:Ti\u1ebfng_Vi\u1ec7t\">Th\u1ef1c nghi\u1ec7m : Ho\u00e1 H\u1ecdc Vui<\/a> (quelques exp\u00e9riences de chimie en vietnamien)<\/li>\n<\/ul>\n<\/li>\n<li><a href=\"http:\/\/wiki.scienceamusante.net\/index.php?title=Cat\u00e9gorie:Physique\">Physique<\/a><\/li>\n<li><a href=\"http:\/\/wiki.scienceamusante.net\/index.php?title=Cat\u00e9gorie:Biologie\">Biologie<\/a><\/li>\n<\/ul>\n<\/li>\n<li>Le <a href=\"http:\/\/forum.scienceamusante.net\/index.php\">forum de discussion scientifique<\/a><\/li>\n<\/ul>\n<p>Certaines exp\u00e9riences de chimie et de physique existent en <a href=\"http:\/\/wiki.scienceamusante.net\/index.php?title=Cat\u00e9gorie:Vid\u00e9o\">vid\u00e9os<\/a> de bonne qualit\u00e9.<\/p>\n","protected":false},"excerpt":{"rendered":"<p>\u0152uvre r\u00e9compens\u00e9e par le Prix Roberval Multim\u00e9dia (24e \u00e9dition, ann\u00e9e 2010), d\u00e9cern\u00e9 \u00e0 Clovis Darrigan<\/p>\n","protected":false},"author":1,"featured_media":0,"parent":384,"menu_order":0,"comment_status":"closed","ping_status":"closed","template":"","meta":[],"_links":{"self":[{"href":"https:\/\/anima-science.fr\/site\/wp-json\/wp\/v2\/pages\/113"}],"collection":[{"href":"https:\/\/anima-science.fr\/site\/wp-json\/wp\/v2\/pages"}],"about":[{"href":"https:\/\/anima-science.fr\/site\/wp-json\/wp\/v2\/types\/page"}],"author":[{"embeddable":true,"href":"https:\/\/anima-science.fr\/site\/wp-json\/wp\/v2\/users\/1"}],"replies":[{"embeddable":true,"href":"https:\/\/anima-science.fr\/site\/wp-json\/wp\/v2\/comments?post=113"}],"version-history":[{"count":2,"href":"https:\/\/anima-science.fr\/site\/wp-json\/wp\/v2\/pages\/113\/revisions"}],"predecessor-version":[{"id":490,"href":"https:\/\/anima-science.fr\/site\/wp-json\/wp\/v2\/pages\/113\/revisions\/490"}],"up":[{"embeddable":true,"href":"https:\/\/anima-science.fr\/site\/wp-json\/wp\/v2\/pages\/384"}],"wp:attachment":[{"href":"https:\/\/anima-science.fr\/site\/wp-json\/wp\/v2\/media?parent=113"}],"curies":[{"name":"wp","href":"https:\/\/api.w.org\/{rel}","templated":true}]}}