{"id":3,"date":"2009-01-16T00:00:00","date_gmt":"2009-01-15T23:00:00","guid":{"rendered":"http:\/\/anima-science.fr\/site\/2009\/01\/16\/contact\/"},"modified":"2025-06-13T13:31:46","modified_gmt":"2025-06-13T11:31:46","slug":"contact","status":"publish","type":"page","link":"https:\/\/anima-science.fr\/site\/association\/contact\/","title":{"rendered":"Contact"},"content":{"rendered":"<p><strong>T\u00e9l\u00e9phone<\/strong> : 06 15 65 14 04<\/p>\n<p><strong>Courrier \u00e9lectronique<\/strong> : contact <em>chez<\/em> anima-science <em>point<\/em> fr<\/p>\n<p><strong>Adresse postale<\/strong> :<\/p>\n<p>Anima-Science<br \/>\n3 IMPASSE CATOU<br \/>\n64160 SAINT-CASTIN<br \/>\n(France)<\/p>\n","protected":false},"excerpt":{"rendered":"<p>T\u00e9l\u00e9phone : 06 15 65 14 04 Courrier \u00e9lectronique : contact chez anima-science point fr Adresse postale : Anima-Science 3 IMPASSE CATOU 64160 SAINT-CASTIN (France)<\/p>\n","protected":false},"author":1,"featured_media":0,"parent":378,"menu_order":0,"comment_status":"closed","ping_status":"closed","template":"","meta":[],"_links":{"self":[{"href":"https:\/\/anima-science.fr\/site\/wp-json\/wp\/v2\/pages\/3"}],"collection":[{"href":"https:\/\/anima-science.fr\/site\/wp-json\/wp\/v2\/pages"}],"about":[{"href":"https:\/\/anima-science.fr\/site\/wp-json\/wp\/v2\/types\/page"}],"author":[{"embeddable":true,"href":"https:\/\/anima-science.fr\/site\/wp-json\/wp\/v2\/users\/1"}],"replies":[{"embeddable":true,"href":"https:\/\/anima-science.fr\/site\/wp-json\/wp\/v2\/comments?post=3"}],"version-history":[{"count":4,"href":"https:\/\/anima-science.fr\/site\/wp-json\/wp\/v2\/pages\/3\/revisions"}],"predecessor-version":[{"id":502,"href":"https:\/\/anima-science.fr\/site\/wp-json\/wp\/v2\/pages\/3\/revisions\/502"}],"up":[{"embeddable":true,"href":"https:\/\/anima-science.fr\/site\/wp-json\/wp\/v2\/pages\/378"}],"wp:attachment":[{"href":"https:\/\/anima-science.fr\/site\/wp-json\/wp\/v2\/media?parent=3"}],"curies":[{"name":"wp","href":"https:\/\/api.w.org\/{rel}","templated":true}]}}