{"id":449,"date":"2022-01-19T10:00:32","date_gmt":"2022-01-19T09:00:32","guid":{"rendered":"https:\/\/anima-science.fr\/site\/?page_id=449"},"modified":"2022-01-19T10:53:03","modified_gmt":"2022-01-19T09:53:03","slug":"chimie-des-metaux","status":"publish","type":"page","link":"https:\/\/anima-science.fr\/site\/catalogue\/chimie-des-metaux\/","title":{"rendered":"Chimie des m\u00e9taux"},"content":{"rendered":"<p class=\"post_excerpt\">&#8211; Public vis\u00e9 : grand public, coll\u00e9giens, lyc\u00e9ens, \u00e9tudiants<\/p>\n<p>Collaborations possibles : caf\u00e9s des sciences, m\u00e9diath\u00e8ques, coll\u00e8ges, lyc\u00e9es, universit\u00e9s, autres associations\u2026<\/p>\n<p><!--more--><br \/>\nUne s\u00e9rie d&rsquo;exp\u00e9riences pour comprendre des notions de physique et chimie et leurs applications dans la m\u00e9tallurgie, ou d&rsquo;autres domaines.<\/p>\n<h2>Objectif<\/h2>\n<ul>\n<li>Comprendre certains proc\u00e9d\u00e9s ou moyen d&rsquo;analyse : galvanisation, \u00e9lectrod\u00e9position, \u00e9lectrochimie, spectroscopie.<\/li>\n<li>Comprendre les notions d&rsquo;alliage m\u00e9tallique, de placage de m\u00e9tal, de composition chimique, d&rsquo;\u00e9tat de surface, de corrosion.<\/li>\n<li>Comprendre l&rsquo;apport de certaines observations \u00e0 l&rsquo;histoire des sciences et techniques.<\/li>\n<\/ul>\n<h2>Contenu<\/h2>\n<ul>\n<li>Transformation alchimique : le cuivre transform\u00e9 en argent, puis en or ! (Exp\u00e9rience amusante permettant d&rsquo;aborder la galvanisation et les alliages.)<\/li>\n<li>\u00c9lectrod\u00e9position d&rsquo;or pur sur un objet m\u00e9tallique.<\/li>\n<li>Analyse \u00e9l\u00e9mentaire non destructive par spectroscopie de fluorescence X (XFS) : permet d&rsquo;analyser en quelques minutes la composition des pi\u00e8ces, bijoux, objets divers&#8230; (En collaboration avec l&rsquo;<a href=\"https:\/\/www.univ-pau.fr\" target=\"_blank\" rel=\"noopener\">Universit\u00e9 de Pau et des Pays de l&rsquo;Adour<\/a>)<\/li>\n<li>Couleurs de flamme des m\u00e9taux et effets pyrotechniques : les bases des feux d&rsquo;artifice&#8230; et de la m\u00e9canique quantique !<\/li>\n<li>Posters servant de supports visuels pour des explications accessibles \u00e0 tout public.<\/li>\n<\/ul>\n<h2>Dur\u00e9e<\/h2>\n<p>G\u00e9n\u00e9ralement d&rsquo;une dur\u00e9e de 45 min, cette s\u00e9rie d&rsquo;exp\u00e9riences peut toutefois \u00eates raccourcie (minimum 30 min) ou allong\u00e9e (maximum 1h15).<\/p>\n","protected":false},"excerpt":{"rendered":"<p>&#8211; Public vis\u00e9 : grand public, coll\u00e9giens, lyc\u00e9ens, \u00e9tudiants Collaborations possibles : caf\u00e9s des sciences, m\u00e9diath\u00e8ques, coll\u00e8ges, lyc\u00e9es, universit\u00e9s, autres associations\u2026<\/p>\n","protected":false},"author":1,"featured_media":0,"parent":375,"menu_order":0,"comment_status":"closed","ping_status":"closed","template":"","meta":[],"_links":{"self":[{"href":"https:\/\/anima-science.fr\/site\/wp-json\/wp\/v2\/pages\/449"}],"collection":[{"href":"https:\/\/anima-science.fr\/site\/wp-json\/wp\/v2\/pages"}],"about":[{"href":"https:\/\/anima-science.fr\/site\/wp-json\/wp\/v2\/types\/page"}],"author":[{"embeddable":true,"href":"https:\/\/anima-science.fr\/site\/wp-json\/wp\/v2\/users\/1"}],"replies":[{"embeddable":true,"href":"https:\/\/anima-science.fr\/site\/wp-json\/wp\/v2\/comments?post=449"}],"version-history":[{"count":2,"href":"https:\/\/anima-science.fr\/site\/wp-json\/wp\/v2\/pages\/449\/revisions"}],"predecessor-version":[{"id":453,"href":"https:\/\/anima-science.fr\/site\/wp-json\/wp\/v2\/pages\/449\/revisions\/453"}],"up":[{"embeddable":true,"href":"https:\/\/anima-science.fr\/site\/wp-json\/wp\/v2\/pages\/375"}],"wp:attachment":[{"href":"https:\/\/anima-science.fr\/site\/wp-json\/wp\/v2\/media?parent=449"}],"curies":[{"name":"wp","href":"https:\/\/api.w.org\/{rel}","templated":true}]}}