{"id":5,"date":"2013-03-01T00:00:00","date_gmt":"2013-02-28T23:00:00","guid":{"rendered":"http:\/\/anima-science.fr\/site\/2013\/03\/01\/experiences-de-chimie-amusante\/"},"modified":"2018-01-12T21:11:01","modified_gmt":"2018-01-12T20:11:01","slug":"experiences-de-chimie-amusante","status":"publish","type":"page","link":"https:\/\/anima-science.fr\/site\/catalogue\/experiences-de-chimie-amusante\/","title":{"rendered":"Exp\u00e9riences de chimie amusante"},"content":{"rendered":"<p class=\"post_excerpt\">&#8211; Public vis\u00e9 : grand public, enfants, coll\u00e9giens, lyc\u00e9ens, \u00e9tudiants<br \/>\n<br \/>&nbsp;Collaborations possibles : caf\u00e9s des sciences, \u00e9coles, coll\u00e8ges, lyc\u00e9es, universit\u00e9s&#8230;\n<\/p>\n<p><!--more--><br \/>\nUn grand classique de Anima-Science, qui \u00e9merveillera tous les publics curieux. Sans aucun danger, il est possible de faire participer le public.<\/p>\n<p>Les explications sont adapt\u00e9es en fonction du public et de son niveau. Le c\u00f4t\u00e9 tr\u00e8s visuel des exp\u00e9riences pr\u00e9sent\u00e9es stimule l&rsquo;observation et l&rsquo;observation, accroche le public et induit l&rsquo;envie d&rsquo;en savoir et d&rsquo;en d\u00e9couvrir plus.<\/p>\n<h2>Objectif<\/h2>\n<ul>\n<li> Montrer \u00e0 l&rsquo;aide d&rsquo;exp\u00e9riences de chimie visuelles et ludiques les principes de base de la chimie et les applications possibles.<\/li>\n<li> Sensibiliser le public aux produits chimiques.<\/li>\n<\/ul>\n<h2>Contenu<\/h2>\n<ul>\n<li> Les bases de la pyrotechnie : couleurs et \u00e9tincelles des feux d&rsquo;artifices.<\/li>\n<li> Notion de combustion : le triangle du feu.<\/li>\n<li> Fabriquer des odeurs artificielles : les est\u00e9rifications.<\/li>\n<li> Les polym\u00e8res : synth\u00e8se d&rsquo;un gel solide et d&rsquo;un gel liquide (type Slime\u00ae), comparaison des propri\u00e9t\u00e9s physiques.<\/li>\n<li> La lumi\u00e8re liquide : exp\u00e9riences de chimioluminescence.<\/li>\n<li> M\u00e9taux et alliages m\u00e9talliques.<\/li>\n<li> et bien d&rsquo;autres <a href=\"http:\/\/wiki.scienceamusante.net\/index.php?title=Cat\u00e9gorie:Chimie\">exp\u00e9riences de chimie<\/a>&#8230;<\/li>\n<\/ul>\n<h2>Dur\u00e9e<\/h2>\n<p>G\u00e9n\u00e9ralement d&rsquo;une dur\u00e9e de 1h30, cette animation peut toutefois \u00eates raccourcie  (minimum 1h00) ou rallong\u00e9e (maximum 2h00).<\/p>\n","protected":false},"excerpt":{"rendered":"<p>&#8211; Public vis\u00e9 : grand public, enfants, coll\u00e9giens, lyc\u00e9ens, \u00e9tudiants &nbsp;Collaborations possibles : caf\u00e9s des sciences, \u00e9coles, coll\u00e8ges, lyc\u00e9es, universit\u00e9s&#8230;<\/p>\n","protected":false},"author":1,"featured_media":0,"parent":375,"menu_order":0,"comment_status":"closed","ping_status":"closed","template":"","meta":[],"_links":{"self":[{"href":"https:\/\/anima-science.fr\/site\/wp-json\/wp\/v2\/pages\/5"}],"collection":[{"href":"https:\/\/anima-science.fr\/site\/wp-json\/wp\/v2\/pages"}],"about":[{"href":"https:\/\/anima-science.fr\/site\/wp-json\/wp\/v2\/types\/page"}],"author":[{"embeddable":true,"href":"https:\/\/anima-science.fr\/site\/wp-json\/wp\/v2\/users\/1"}],"replies":[{"embeddable":true,"href":"https:\/\/anima-science.fr\/site\/wp-json\/wp\/v2\/comments?post=5"}],"version-history":[{"count":1,"href":"https:\/\/anima-science.fr\/site\/wp-json\/wp\/v2\/pages\/5\/revisions"}],"predecessor-version":[{"id":367,"href":"https:\/\/anima-science.fr\/site\/wp-json\/wp\/v2\/pages\/5\/revisions\/367"}],"up":[{"embeddable":true,"href":"https:\/\/anima-science.fr\/site\/wp-json\/wp\/v2\/pages\/375"}],"wp:attachment":[{"href":"https:\/\/anima-science.fr\/site\/wp-json\/wp\/v2\/media?parent=5"}],"curies":[{"name":"wp","href":"https:\/\/api.w.org\/{rel}","templated":true}]}}