{"id":6,"date":"2009-01-18T00:00:00","date_gmt":"2009-01-17T23:00:00","guid":{"rendered":"http:\/\/anima-science.fr\/site\/2009\/01\/18\/administration\/"},"modified":"2025-06-13T13:30:40","modified_gmt":"2025-06-13T11:30:40","slug":"administration","status":"publish","type":"page","link":"https:\/\/anima-science.fr\/site\/association\/administration\/","title":{"rendered":"Administration"},"content":{"rendered":"<p>Composition actuelle du Bureau (Conseil d&rsquo;administration) :<\/p>\n<p>Pr\u00e9sident : <a href=\"http:\/\/darrigan.net\">Clovis Darrigan<\/a><\/p>\n<p>Tr\u00e9sorier : Antoine Guihal<\/p>\n<p>Secr\u00e9taire : <a href=\"http:\/\/o.castera.free.fr\/\">Olivier Cast\u00e9ra<\/a><\/p>\n","protected":false},"excerpt":{"rendered":"<p>Composition actuelle du Bureau (Conseil d&rsquo;administration) : Pr\u00e9sident : Clovis Darrigan Tr\u00e9sorier : Antoine Guihal Secr\u00e9taire : Olivier Cast\u00e9ra<\/p>\n","protected":false},"author":1,"featured_media":0,"parent":378,"menu_order":0,"comment_status":"closed","ping_status":"closed","template":"","meta":[],"_links":{"self":[{"href":"https:\/\/anima-science.fr\/site\/wp-json\/wp\/v2\/pages\/6"}],"collection":[{"href":"https:\/\/anima-science.fr\/site\/wp-json\/wp\/v2\/pages"}],"about":[{"href":"https:\/\/anima-science.fr\/site\/wp-json\/wp\/v2\/types\/page"}],"author":[{"embeddable":true,"href":"https:\/\/anima-science.fr\/site\/wp-json\/wp\/v2\/users\/1"}],"replies":[{"embeddable":true,"href":"https:\/\/anima-science.fr\/site\/wp-json\/wp\/v2\/comments?post=6"}],"version-history":[{"count":2,"href":"https:\/\/anima-science.fr\/site\/wp-json\/wp\/v2\/pages\/6\/revisions"}],"predecessor-version":[{"id":501,"href":"https:\/\/anima-science.fr\/site\/wp-json\/wp\/v2\/pages\/6\/revisions\/501"}],"up":[{"embeddable":true,"href":"https:\/\/anima-science.fr\/site\/wp-json\/wp\/v2\/pages\/378"}],"wp:attachment":[{"href":"https:\/\/anima-science.fr\/site\/wp-json\/wp\/v2\/media?parent=6"}],"curies":[{"name":"wp","href":"https:\/\/api.w.org\/{rel}","templated":true}]}}