{"id":7,"date":"2009-01-01T00:00:00","date_gmt":"2008-12-31T23:00:00","guid":{"rendered":"http:\/\/anima-science.fr\/site\/2009\/01\/01\/mentions-legales\/"},"modified":"2020-05-24T21:24:56","modified_gmt":"2020-05-24T19:24:56","slug":"mentions-legales","status":"publish","type":"page","link":"https:\/\/anima-science.fr\/site\/association\/mentions-legales\/","title":{"rendered":"Mentions l\u00e9gales"},"content":{"rendered":"<h2>Mentions l\u00e9gales<\/h2>\n<p>Raison sociale ou de\u0301nomination sociale : <strong>Anima-Science<\/strong><\/p>\n<p>Forme juridique : association \u00e0 but non lucratif de loi 1901<\/p>\n<p>Adresse de l\u2019e\u0301tablissement \/ Sie\u0300ge social : 3 impasse Catou, 64160 Saint-Castin (France)<\/p>\n<p>Adresse e\u0301lectronique : contact <em>chez<\/em> anima-science <em>point<\/em> fr<\/p>\n<p>Nume\u0301ro de te\u0301le\u0301phone : 06 15 65 14 04<\/p>\n<p>Coordonne\u0301es de l\u2019e\u0301diteur du site : idem si\u00e8ge social<\/p>\n<p>Activit\u00e9 soumise \u00e0 autorisation :<\/p>\n<ul>\n<li>D\u00e9clar\u00e9e en Pr\u00e9fecture des Pyr\u00e9n\u00e9es-Atlantiques le 8 juin 2004 (<a href=\"https:\/\/www.journal-officiel.gouv.fr\/associations\/detail-annonce\/associations_b_archive\/20040027\/1073\" target=\"_blank\" rel=\"noopener noreferrer\">lien<\/a>).<\/li>\n<li>Num\u00e9ro d\u2019autorisation pr\u00e9fecture : 0643011072<\/li>\n<\/ul>\n<p>Nom du directeur de publication et responsable de la r\u00e9daction : <a class=\"spip_out\" href=\"http:\/\/darrigan.net\" rel=\"external\">Clovis Darrigan<\/a>, pr\u00e9sident d\u2019Anima-Science.<\/p>\n<p>Coordonne\u0301es de l\u2019he\u0301bergeur du site\u00a0: OVH, 2 rue Kellermann, 59100 Roubaix (France)<\/p>\n<h2>Informatique et libert\u00e9<\/h2>\n<p>Conform\u00e9ment \u00e0 Loi fran\u00e7aise <em>Informatique et libert\u00e9<\/em> du 6 janvier 1978, l\u2019utilisateur dispose d\u2019un droit d\u2019acc\u00e8s, de modification et de suppression des donn\u00e9es qui le concernent. Pour l\u2019exercer, l\u2019utilisateur doit s\u2019adresser \u00e0 Anima-Science, soit par courrier postal, soit par courrier \u00e9lectronique.<\/p>\n<p>Le site est d\u00e9clar\u00e9 aupr\u00e8s de la <a href=\"http:\/\/www.cnil.fr\">Commission Nationale de l&rsquo;Informatique et des Libert\u00e9s<\/a> (CNIL).<\/p>\n<h2>Marques d\u00e9pos\u00e9es<\/h2>\n<p><em>Anima-Science<\/em>, <em>science amusante<\/em> ainsi que le logo sont des marques d\u00e9pos\u00e9es aupr\u00e8s de l&rsquo;<a href=\"http:\/\/www.inpi.fr\">Institut National de la Propri\u00e9t\u00e9 Industrielle<\/a> (INPI) et prot\u00e9g\u00e9es.<\/p>\n<p>\u00ae Les autres marques cit\u00e9es appartiennent \u00e0 leur propri\u00e9taire respectif.<\/p>\n<h2>Copyright et licence d&rsquo;utilisation<\/h2>\n<p>Le site, les pages, la pr\u00e9sentation des pages, ou tout autre \u00e9l\u00e9ment, qu&rsquo;il soit sous forme de texte, d&rsquo;image, de photographie, de vid\u00e9o ou de fichier du pr\u00e9sent site web sont prot\u00e9g\u00e9s en vertu du Code de la Propri\u00e9t\u00e9 Intellectuelle et du Copyright.<\/p>\n<p>L&rsquo;utilisation d&rsquo;un ou plusieurs \u00e9l\u00e9ments (entiers ou partiels) doit \u00eatre demand\u00e9e exclusivement aupr\u00e8s du responsable. Toute utilisation sans accord est passible de poursuites.<\/p>\n<p>Aucun \u00e9l\u00e9ment de ce site web ne peut \u00eatre r\u00e9utilis\u00e9 pour publication commerciale sans en demander l&rsquo;accord par \u00e9crit \u00e0 son auteur.<\/p>\n<p>\u00a9 Certaines images de ce site sont la propri\u00e9t\u00e9 de plusieurs parties et ne peuvent \u00eatre utilis\u00e9es librement sans accord explicite de chacune des parties.<\/p>\n<h2>D\u00e9charge de responsabilit\u00e9<\/h2>\n<p>Anima-Science ne pourra en aucun cas \u00eatre tenue pour responsable de tout dommage de quelque nature qu&rsquo;il soit r\u00e9sultant de toute impossibilit\u00e9 d&rsquo;utilisation, d&rsquo;acc\u00e8s, de toute perte d\u00e9coulant des informations disponibles sur ce serveur et ceci quelle que soit l&rsquo;origine du pr\u00e9judice.<\/p>\n<p>Anima-Science ne pourra en aucun cas \u00eatre tenue pour responsable de tout dommage de quelque nature qu&rsquo;il soit r\u00e9sultant de l&rsquo;interpr\u00e9tation ou de l&rsquo;utilisation des informations disponibles sur ce site.<\/p>\n<p>Anima-Science d\u00e9cline toute responsabilit\u00e9 sur le contenu des sites dont il n\u2019est pas l\u2019\u00e9diteur et qui sont accessibles par l\u2019interm\u00e9diaire de liens hypertextes.<\/p>\n","protected":false},"excerpt":{"rendered":"<p>Mentions l\u00e9gales Raison sociale ou de\u0301nomination sociale : Anima-Science Forme juridique : association \u00e0 but non lucratif de loi 1901 Adresse de l\u2019e\u0301tablissement \/ Sie\u0300ge social : 3 impasse Catou, 64160 Saint-Castin (France) Adresse e\u0301lectronique : contact chez anima-science point fr Nume\u0301ro de te\u0301le\u0301phone : 06 15 65 14 04 Coordonne\u0301es de l\u2019e\u0301diteur du site [&hellip;]<\/p>\n","protected":false},"author":1,"featured_media":0,"parent":378,"menu_order":0,"comment_status":"closed","ping_status":"closed","template":"","meta":[],"_links":{"self":[{"href":"https:\/\/anima-science.fr\/site\/wp-json\/wp\/v2\/pages\/7"}],"collection":[{"href":"https:\/\/anima-science.fr\/site\/wp-json\/wp\/v2\/pages"}],"about":[{"href":"https:\/\/anima-science.fr\/site\/wp-json\/wp\/v2\/types\/page"}],"author":[{"embeddable":true,"href":"https:\/\/anima-science.fr\/site\/wp-json\/wp\/v2\/users\/1"}],"replies":[{"embeddable":true,"href":"https:\/\/anima-science.fr\/site\/wp-json\/wp\/v2\/comments?post=7"}],"version-history":[{"count":5,"href":"https:\/\/anima-science.fr\/site\/wp-json\/wp\/v2\/pages\/7\/revisions"}],"predecessor-version":[{"id":434,"href":"https:\/\/anima-science.fr\/site\/wp-json\/wp\/v2\/pages\/7\/revisions\/434"}],"up":[{"embeddable":true,"href":"https:\/\/anima-science.fr\/site\/wp-json\/wp\/v2\/pages\/378"}],"wp:attachment":[{"href":"https:\/\/anima-science.fr\/site\/wp-json\/wp\/v2\/media?parent=7"}],"curies":[{"name":"wp","href":"https:\/\/api.w.org\/{rel}","templated":true}]}}